{"id":178,"date":"2021-02-11T15:39:37","date_gmt":"2021-02-11T15:39:37","guid":{"rendered":"https:\/\/ativo.vamtam.com\/?page_id=178"},"modified":"2024-05-29T23:53:13","modified_gmt":"2024-05-29T20:53:13","slug":"blog","status":"publish","type":"page","link":"https:\/\/www.pilatesdoktor.com\/pilates\/blog\/","title":{"rendered":"Blog"},"content":{"rendered":"\t\t<div data-elementor-type=\"wp-page\" data-elementor-id=\"178\" class=\"elementor elementor-178\" data-elementor-post-type=\"page\">\n\t\t\t\t\t\t<section class=\"elementor-section elementor-top-section elementor-element elementor-element-2c642ad elementor-section-boxed elementor-section-height-default elementor-section-height-default\" data-id=\"2c642ad\" data-element_type=\"section\">\n\t\t\t\t\t\t<div class=\"elementor-container elementor-column-gap-no\">\n\t\t\t\t\t<div class=\"elementor-column elementor-col-100 elementor-top-column elementor-element elementor-element-924bcd8\" data-id=\"924bcd8\" data-element_type=\"column\">\n\t\t\t<div class=\"elementor-widget-wrap elementor-element-populated\">\n\t\t\t\t\t\t\t<\/div>\n\t\t<\/div>\n\t\t\t\t\t<\/div>\n\t\t<\/section>\n\t\t\t\t<section class=\"elementor-section elementor-top-section elementor-element elementor-element-4351efe elementor-section-boxed elementor-section-height-default elementor-section-height-default\" data-id=\"4351efe\" data-element_type=\"section\">\n\t\t\t\t\t\t<div class=\"elementor-container elementor-column-gap-no\">\n\t\t\t\t\t<div class=\"elementor-column elementor-col-100 elementor-top-column elementor-element elementor-element-7daa571\" data-id=\"7daa571\" data-element_type=\"column\">\n\t\t\t<div class=\"elementor-widget-wrap elementor-element-populated\">\n\t\t\t\t\t\t<div class=\"vamtam-has-theme-widget-styles elementor-element elementor-element-58a7b0c elementor-grid-tablet-3 elementor-grid-3 elementor-grid-mobile-1 elementor-posts--thumbnail-top elementor-widget elementor-widget-posts\" data-id=\"58a7b0c\" data-element_type=\"widget\" data-settings=\"{&quot;classic_columns_tablet&quot;:&quot;3&quot;,&quot;classic_row_gap&quot;:{&quot;unit&quot;:&quot;px&quot;,&quot;size&quot;:60,&quot;sizes&quot;:[]},&quot;pagination_type&quot;:&quot;numbers_and_prev_next&quot;,&quot;classic_columns&quot;:&quot;3&quot;,&quot;classic_columns_mobile&quot;:&quot;1&quot;,&quot;classic_row_gap_tablet&quot;:{&quot;unit&quot;:&quot;px&quot;,&quot;size&quot;:&quot;&quot;,&quot;sizes&quot;:[]},&quot;classic_row_gap_mobile&quot;:{&quot;unit&quot;:&quot;px&quot;,&quot;size&quot;:&quot;&quot;,&quot;sizes&quot;:[]}}\" data-widget_type=\"posts.classic\">\n\t\t\t\t<div class=\"elementor-widget-container\">\n\t\t\t<link rel=\"stylesheet\" href=\"https:\/\/www.pilatesdoktor.com\/pilates\/wp-content\/plugins\/pro-elements\/assets\/css\/widget-posts.min.css\">\t\t<div class=\"elementor-posts-container elementor-posts elementor-posts--skin-classic elementor-grid\">\n\t\t\t\t<article class=\"elementor-post elementor-grid-item post-988630 post type-post status-publish format-standard has-post-thumbnail hentry category-genel\">\n\t\t\t\t<a class=\"elementor-post__thumbnail__link\" href=\"https:\/\/www.pilatesdoktor.com\/pilates\/ornek-yazi\/\" tabindex=\"-1\" >\n\t\t\t<div class=\"elementor-post__thumbnail\"><img fetchpriority=\"high\" decoding=\"async\" width=\"1600\" height=\"900\" src=\"https:\/\/www.pilatesdoktor.com\/pilates\/wp-content\/uploads\/2024\/05\/pilatesdoktor58.jpg\" class=\"attachment-full size-full wp-image-988420\" alt=\"\" srcset=\"https:\/\/www.pilatesdoktor.com\/pilates\/wp-content\/uploads\/2024\/05\/pilatesdoktor58.jpg 1600w, https:\/\/www.pilatesdoktor.com\/pilates\/wp-content\/uploads\/2024\/05\/pilatesdoktor58-300x169.jpg 300w, https:\/\/www.pilatesdoktor.com\/pilates\/wp-content\/uploads\/2024\/05\/pilatesdoktor58-1024x576.jpg 1024w, https:\/\/www.pilatesdoktor.com\/pilates\/wp-content\/uploads\/2024\/05\/pilatesdoktor58-768x432.jpg 768w, https:\/\/www.pilatesdoktor.com\/pilates\/wp-content\/uploads\/2024\/05\/pilatesdoktor58-1536x864.jpg 1536w\" sizes=\"(max-width: 1600px) 100vw, 1600px\" \/><\/div>\n\t\t<\/a>\n\t\t\t\t<div class=\"elementor-post__text\">\n\t\t\t\t<h3 class=\"elementor-post__title\">\n\t\t\t<a href=\"https:\/\/www.pilatesdoktor.com\/pilates\/ornek-yazi\/\" >\n\t\t\t\t\u00d6rnek Yaz\u0131\t\t\t<\/a>\n\t\t<\/h3>\n\t\t\n\t\t<a class=\"elementor-post__read-more\" href=\"https:\/\/www.pilatesdoktor.com\/pilates\/ornek-yazi\/\" aria-label=\"Read more about \u00d6rnek Yaz\u0131\" tabindex=\"-1\" >\n\t\t\tDevam\u0131n\u0131 oku\t\t<\/a>\n\n\t\t\t\t<\/div>\n\t\t\t\t<\/article>\n\t\t\t\t<article class=\"elementor-post elementor-grid-item post-3755 post type-post status-publish format-standard has-post-thumbnail hentry category-pilates-doktor\">\n\t\t\t\t<a class=\"elementor-post__thumbnail__link\" href=\"https:\/\/www.pilatesdoktor.com\/pilates\/guclu-kadinlar-insa-etmek-seninle-baslar\/\" tabindex=\"-1\" >\n\t\t\t<div class=\"elementor-post__thumbnail\"><img decoding=\"async\" width=\"800\" height=\"880\" src=\"https:\/\/www.pilatesdoktor.com\/pilates\/wp-content\/uploads\/2021\/03\/thought-catalog-lNy5RIiGQ1s-unsplash-2.jpg\" class=\"attachment-full size-full wp-image-3762\" alt=\"\" srcset=\"https:\/\/www.pilatesdoktor.com\/pilates\/wp-content\/uploads\/2021\/03\/thought-catalog-lNy5RIiGQ1s-unsplash-2.jpg 800w, https:\/\/www.pilatesdoktor.com\/pilates\/wp-content\/uploads\/2021\/03\/thought-catalog-lNy5RIiGQ1s-unsplash-2-630x693.jpg 630w, https:\/\/www.pilatesdoktor.com\/pilates\/wp-content\/uploads\/2021\/03\/thought-catalog-lNy5RIiGQ1s-unsplash-2-273x300.jpg 273w, https:\/\/www.pilatesdoktor.com\/pilates\/wp-content\/uploads\/2021\/03\/thought-catalog-lNy5RIiGQ1s-unsplash-2-768x845.jpg 768w\" sizes=\"(max-width: 800px) 100vw, 800px\" \/><\/div>\n\t\t<\/a>\n\t\t\t\t<div class=\"elementor-post__text\">\n\t\t\t\t<h3 class=\"elementor-post__title\">\n\t\t\t<a href=\"https:\/\/www.pilatesdoktor.com\/pilates\/guclu-kadinlar-insa-etmek-seninle-baslar\/\" >\n\t\t\t\tG\u00fc\u00e7l\u00fc Kad\u0131nlar \u0130n\u015fa Etmek Seninle Ba\u015flar\t\t\t<\/a>\n\t\t<\/h3>\n\t\t\n\t\t<a class=\"elementor-post__read-more\" href=\"https:\/\/www.pilatesdoktor.com\/pilates\/guclu-kadinlar-insa-etmek-seninle-baslar\/\" aria-label=\"Read more about G\u00fc\u00e7l\u00fc Kad\u0131nlar \u0130n\u015fa Etmek Seninle Ba\u015flar\" tabindex=\"-1\" >\n\t\t\tDevam\u0131n\u0131 oku\t\t<\/a>\n\n\t\t\t\t<\/div>\n\t\t\t\t<\/article>\n\t\t\t\t<article class=\"elementor-post elementor-grid-item post-20619 post type-post status-publish format-standard has-post-thumbnail hentry category-pilates-doktor\">\n\t\t\t\t<a class=\"elementor-post__thumbnail__link\" href=\"https:\/\/www.pilatesdoktor.com\/pilates\/saglik-iyilik-hedefleri-dogru-bakim-dogru-zamanda\/\" tabindex=\"-1\" >\n\t\t\t<div class=\"elementor-post__thumbnail\"><img decoding=\"async\" width=\"640\" height=\"808\" src=\"https:\/\/www.pilatesdoktor.com\/pilates\/wp-content\/uploads\/2021\/07\/iStock-1187323925-2.jpg\" class=\"attachment-full size-full wp-image-23194\" alt=\"\" srcset=\"https:\/\/www.pilatesdoktor.com\/pilates\/wp-content\/uploads\/2021\/07\/iStock-1187323925-2.jpg 640w, https:\/\/www.pilatesdoktor.com\/pilates\/wp-content\/uploads\/2021\/07\/iStock-1187323925-2-630x795.jpg 630w, https:\/\/www.pilatesdoktor.com\/pilates\/wp-content\/uploads\/2021\/07\/iStock-1187323925-2-238x300.jpg 238w\" sizes=\"(max-width: 640px) 100vw, 640px\" \/><\/div>\n\t\t<\/a>\n\t\t\t\t<div class=\"elementor-post__text\">\n\t\t\t\t<h3 class=\"elementor-post__title\">\n\t\t\t<a href=\"https:\/\/www.pilatesdoktor.com\/pilates\/saglik-iyilik-hedefleri-dogru-bakim-dogru-zamanda\/\" >\n\t\t\t\tSa\u011fl\u0131k ve \u0130yilik Hedefleri: Do\u011fru Bak\u0131m, Do\u011fru Zamanda\t\t\t<\/a>\n\t\t<\/h3>\n\t\t\n\t\t<a class=\"elementor-post__read-more\" href=\"https:\/\/www.pilatesdoktor.com\/pilates\/saglik-iyilik-hedefleri-dogru-bakim-dogru-zamanda\/\" aria-label=\"Read more about Sa\u011fl\u0131k ve \u0130yilik Hedefleri: Do\u011fru Bak\u0131m, Do\u011fru Zamanda\" tabindex=\"-1\" >\n\t\t\tDevam\u0131n\u0131 oku\t\t<\/a>\n\n\t\t\t\t<\/div>\n\t\t\t\t<\/article>\n\t\t\t\t<article class=\"elementor-post elementor-grid-item post-20615 post type-post status-publish format-standard has-post-thumbnail hentry category-pilates-doktor\">\n\t\t\t\t<a class=\"elementor-post__thumbnail__link\" href=\"https:\/\/www.pilatesdoktor.com\/pilates\/doktor-pilates-egitmeni\/\" tabindex=\"-1\" >\n\t\t\t<div class=\"elementor-post__thumbnail\"><img loading=\"lazy\" decoding=\"async\" width=\"2560\" height=\"1707\" src=\"https:\/\/www.pilatesdoktor.com\/pilates\/wp-content\/uploads\/2021\/07\/iStock-1222262914-scaled-1.jpg\" class=\"attachment-full size-full wp-image-17031\" alt=\"\" srcset=\"https:\/\/www.pilatesdoktor.com\/pilates\/wp-content\/uploads\/2021\/07\/iStock-1222262914-scaled-1.jpg 2560w, https:\/\/www.pilatesdoktor.com\/pilates\/wp-content\/uploads\/2021\/07\/iStock-1222262914-scaled-1-630x420.jpg 630w, https:\/\/www.pilatesdoktor.com\/pilates\/wp-content\/uploads\/2021\/07\/iStock-1222262914-scaled-1-300x200.jpg 300w, https:\/\/www.pilatesdoktor.com\/pilates\/wp-content\/uploads\/2021\/07\/iStock-1222262914-scaled-1-1024x683.jpg 1024w, https:\/\/www.pilatesdoktor.com\/pilates\/wp-content\/uploads\/2021\/07\/iStock-1222262914-scaled-1-768x512.jpg 768w, https:\/\/www.pilatesdoktor.com\/pilates\/wp-content\/uploads\/2021\/07\/iStock-1222262914-scaled-1-1536x1024.jpg 1536w, https:\/\/www.pilatesdoktor.com\/pilates\/wp-content\/uploads\/2021\/07\/iStock-1222262914-scaled-1-2048x1366.jpg 2048w, https:\/\/www.pilatesdoktor.com\/pilates\/wp-content\/uploads\/2021\/07\/iStock-1222262914-scaled-1-1260x840.jpg 1260w\" sizes=\"(max-width: 2560px) 100vw, 2560px\" \/><\/div>\n\t\t<\/a>\n\t\t\t\t<div class=\"elementor-post__text\">\n\t\t\t\t<h3 class=\"elementor-post__title\">\n\t\t\t<a href=\"https:\/\/www.pilatesdoktor.com\/pilates\/doktor-pilates-egitmeni\/\" >\n\t\t\t\tSa\u011fl\u0131k ve Formun Uzman\u0131: Doktor ve Pilates E\u011fitmeni\t\t\t<\/a>\n\t\t<\/h3>\n\t\t\n\t\t<a class=\"elementor-post__read-more\" href=\"https:\/\/www.pilatesdoktor.com\/pilates\/doktor-pilates-egitmeni\/\" aria-label=\"Read more about Sa\u011fl\u0131k ve Formun Uzman\u0131: Doktor ve Pilates E\u011fitmeni\" tabindex=\"-1\" >\n\t\t\tDevam\u0131n\u0131 oku\t\t<\/a>\n\n\t\t\t\t<\/div>\n\t\t\t\t<\/article>\n\t\t\t\t<\/div>\n\t\t\n\t\t\t\t<\/div>\n\t\t\t\t<\/div>\n\t\t\t\t\t<\/div>\n\t\t<\/div>\n\t\t\t\t\t<\/div>\n\t\t<\/section>\n\t\t\t\t<\/div>\n\t\t","protected":false},"excerpt":{"rendered":"","protected":false},"author":1,"featured_media":0,"parent":0,"menu_order":0,"comment_status":"closed","ping_status":"closed","template":"","meta":{"footnotes":""},"jetpack_sharing_enabled":true,"_links":{"self":[{"href":"https:\/\/www.pilatesdoktor.com\/pilates\/wp-json\/wp\/v2\/pages\/178"}],"collection":[{"href":"https:\/\/www.pilatesdoktor.com\/pilates\/wp-json\/wp\/v2\/pages"}],"about":[{"href":"https:\/\/www.pilatesdoktor.com\/pilates\/wp-json\/wp\/v2\/types\/page"}],"author":[{"embeddable":true,"href":"https:\/\/www.pilatesdoktor.com\/pilates\/wp-json\/wp\/v2\/users\/1"}],"replies":[{"embeddable":true,"href":"https:\/\/www.pilatesdoktor.com\/pilates\/wp-json\/wp\/v2\/comments?post=178"}],"version-history":[{"count":9,"href":"https:\/\/www.pilatesdoktor.com\/pilates\/wp-json\/wp\/v2\/pages\/178\/revisions"}],"predecessor-version":[{"id":988525,"href":"https:\/\/www.pilatesdoktor.com\/pilates\/wp-json\/wp\/v2\/pages\/178\/revisions\/988525"}],"wp:attachment":[{"href":"https:\/\/www.pilatesdoktor.com\/pilates\/wp-json\/wp\/v2\/media?parent=178"}],"curies":[{"name":"wp","href":"https:\/\/api.w.org\/{rel}","templated":true}]}}